{"id":8576,"date":"2022-12-06T22:48:43","date_gmt":"2022-12-06T22:48:43","guid":{"rendered":"https:\/\/delplatabutacas.com\/en.ar\/?page_id=8576"},"modified":"2024-01-16T20:55:31","modified_gmt":"2024-01-16T20:55:31","slug":"about-us","status":"publish","type":"page","link":"https:\/\/delplatabutacas.com\/en\/about-us\/","title":{"rendered":"About Us"},"content":{"rendered":"\t\t<div data-elementor-type=\"wp-page\" data-elementor-id=\"8576\" class=\"elementor elementor-8576\">\n\t\t\t\t\t\t<section class=\"wd-negative-gap elementor-section elementor-top-section elementor-element elementor-element-3996b5e elementor-section-boxed elementor-section-height-default elementor-section-height-default wd-section-disabled\" data-id=\"3996b5e\" data-element_type=\"section\" data-e-type=\"section\">\n\t\t\t\t\t\t<div class=\"elementor-container elementor-column-gap-default\">\n\t\t\t\t\t<div class=\"elementor-column elementor-col-50 elementor-top-column elementor-element elementor-element-4eed016\" data-id=\"4eed016\" data-element_type=\"column\" data-e-type=\"column\">\n\t\t\t<div class=\"elementor-widget-wrap elementor-element-populated\">\n\t\t\t\t\t\t<div class=\"elementor-element elementor-element-a8f7620 elementor-widget elementor-widget-wd_title\" data-id=\"a8f7620\" data-element_type=\"widget\" data-e-type=\"widget\" data-widget_type=\"wd_title.default\">\n\t\t\t\t<div class=\"elementor-widget-container\">\n\t\t\t\t\t\t\t<div class=\"title-wrapper set-mb-s reset-last-child wd-title-color-default wd-title-style-default wd-title-size-default text-left\">\n\n\t\t\t\t\t\t\t<div class=\"title-subtitle subtitle-color-default subtitle-style-default wd-fontsize-xs\">\n\t\t\t\t\tAbout us\t\t\t\t<\/div>\n\t\t\t\n\t\t\t<div class=\"liner-continer\">\n\t\t\t\t<h3 class=\"woodmart-title-container title wd-fontsize-l\">Del Plata Butacas<\/h3> \n\t\t\t\t\t\t\t<\/div>\n\n\t\t\t\t\t<\/div>\n\t\t\t\t\t\t<\/div>\n\t\t\t\t<\/div>\n\t\t\t\t\t<\/div>\n\t\t<\/div>\n\t\t\t\t<div class=\"elementor-column elementor-col-50 elementor-top-column elementor-element elementor-element-4c17ba8\" data-id=\"4c17ba8\" data-element_type=\"column\" data-e-type=\"column\">\n\t\t\t<div class=\"elementor-widget-wrap\">\n\t\t\t\t\t\t\t<\/div>\n\t\t<\/div>\n\t\t\t\t\t<\/div>\n\t\t<\/section>\n\t\t\t\t<section class=\"wd-negative-gap elementor-section elementor-top-section elementor-element elementor-element-2b8a96b elementor-section-boxed elementor-section-height-default elementor-section-height-default wd-section-disabled\" data-id=\"2b8a96b\" data-element_type=\"section\" data-e-type=\"section\">\n\t\t\t\t\t\t<div class=\"elementor-container elementor-column-gap-default\">\n\t\t\t\t\t<div class=\"elementor-column elementor-col-100 elementor-top-column elementor-element elementor-element-d0c47d6\" data-id=\"d0c47d6\" data-element_type=\"column\" data-e-type=\"column\">\n\t\t\t<div class=\"elementor-widget-wrap elementor-element-populated\">\n\t\t\t\t\t\t<div class=\"elementor-element elementor-element-8f1f22c color-scheme-inherit text-left elementor-widget elementor-widget-text-editor\" data-id=\"8f1f22c\" data-element_type=\"widget\" data-e-type=\"widget\" data-widget_type=\"text-editor.default\">\n\t\t\t\t<div class=\"elementor-widget-container\">\n\t\t\t\t\t\t\t\t\t<h3>Since the 80&#8217;s we have been producing in Argentina the most comfortable, safe and efficient line of seats.\nCovering and embracing the different sectors of the market, in which bus, bodywork and industrial machines stand out.<\/h3>\t\t\t\t\t\t\t\t<\/div>\n\t\t\t\t<\/div>\n\t\t\t\t\t<\/div>\n\t\t<\/div>\n\t\t\t\t\t<\/div>\n\t\t<\/section>\n\t\t\t\t<section class=\"wd-negative-gap elementor-section elementor-top-section elementor-element elementor-element-5152dea elementor-section-boxed elementor-section-height-default elementor-section-height-default wd-section-disabled\" data-id=\"5152dea\" data-element_type=\"section\" data-e-type=\"section\">\n\t\t\t\t\t\t<div class=\"elementor-container elementor-column-gap-default\">\n\t\t\t\t\t<div class=\"elementor-column elementor-col-33 elementor-top-column elementor-element elementor-element-5466b09\" data-id=\"5466b09\" data-element_type=\"column\" data-e-type=\"column\">\n\t\t\t<div class=\"elementor-widget-wrap elementor-element-populated\">\n\t\t\t\t\t\t<div class=\"elementor-element elementor-element-fcb8d1e elementor-position-top elementor-widget elementor-widget-image-box\" data-id=\"fcb8d1e\" data-element_type=\"widget\" data-e-type=\"widget\" data-widget_type=\"image-box.default\">\n\t\t\t\t<div class=\"elementor-widget-container\">\n\t\t\t\t\t<div class=\"elementor-image-box-wrapper\"><figure class=\"elementor-image-box-img\"><img fetchpriority=\"high\" decoding=\"async\" width=\"900\" height=\"681\" src=\"https:\/\/delplatabutacas.com\/en\/wp-content\/uploads\/2023\/02\/mision-nosotros-1.jpg\" class=\"attachment-full size-full wp-image-9188\" alt=\"\" srcset=\"https:\/\/delplatabutacas.com\/en\/wp-content\/uploads\/2023\/02\/mision-nosotros-1.jpg 900w, https:\/\/delplatabutacas.com\/en\/wp-content\/uploads\/2023\/02\/mision-nosotros-1-396x300.jpg 396w, https:\/\/delplatabutacas.com\/en\/wp-content\/uploads\/2023\/02\/mision-nosotros-1-768x581.jpg 768w, https:\/\/delplatabutacas.com\/en\/wp-content\/uploads\/2023\/02\/mision-nosotros-1-860x651.jpg 860w, https:\/\/delplatabutacas.com\/en\/wp-content\/uploads\/2023\/02\/mision-nosotros-1-430x325.jpg 430w, https:\/\/delplatabutacas.com\/en\/wp-content\/uploads\/2023\/02\/mision-nosotros-1-700x530.jpg 700w, https:\/\/delplatabutacas.com\/en\/wp-content\/uploads\/2023\/02\/mision-nosotros-1-150x114.jpg 150w\" sizes=\"(max-width: 900px) 100vw, 900px\" \/><\/figure><div class=\"elementor-image-box-content\"><h3 class=\"elementor-image-box-title\">MISSION<\/h3><p class=\"elementor-image-box-description\">Our innovative and ergonomic designs in compliance with safety regulations; and the use of the best raw material for our products characterize us. We are constantly innovating, incorporating new technologies, following the needs, advances and challenges demanded by our customers.<\/p><\/div><\/div>\t\t\t\t<\/div>\n\t\t\t\t<\/div>\n\t\t\t\t\t<\/div>\n\t\t<\/div>\n\t\t\t\t<div class=\"elementor-column elementor-col-33 elementor-top-column elementor-element elementor-element-7e37a1b\" data-id=\"7e37a1b\" data-element_type=\"column\" data-e-type=\"column\">\n\t\t\t<div class=\"elementor-widget-wrap elementor-element-populated\">\n\t\t\t\t\t\t<div class=\"elementor-element elementor-element-24df75f elementor-position-top elementor-widget elementor-widget-image-box\" data-id=\"24df75f\" data-element_type=\"widget\" data-e-type=\"widget\" data-widget_type=\"image-box.default\">\n\t\t\t\t<div class=\"elementor-widget-container\">\n\t\t\t\t\t<div class=\"elementor-image-box-wrapper\"><figure class=\"elementor-image-box-img\"><img decoding=\"async\" width=\"900\" height=\"681\" src=\"https:\/\/delplatabutacas.com\/en\/wp-content\/uploads\/2023\/02\/vision-nosotros.jpg\" class=\"attachment-full size-full wp-image-9044\" alt=\"\" srcset=\"https:\/\/delplatabutacas.com\/en\/wp-content\/uploads\/2023\/02\/vision-nosotros.jpg 900w, https:\/\/delplatabutacas.com\/en\/wp-content\/uploads\/2023\/02\/vision-nosotros-396x300.jpg 396w, https:\/\/delplatabutacas.com\/en\/wp-content\/uploads\/2023\/02\/vision-nosotros-768x581.jpg 768w, https:\/\/delplatabutacas.com\/en\/wp-content\/uploads\/2023\/02\/vision-nosotros-860x651.jpg 860w, https:\/\/delplatabutacas.com\/en\/wp-content\/uploads\/2023\/02\/vision-nosotros-430x325.jpg 430w, https:\/\/delplatabutacas.com\/en\/wp-content\/uploads\/2023\/02\/vision-nosotros-700x530.jpg 700w, https:\/\/delplatabutacas.com\/en\/wp-content\/uploads\/2023\/02\/vision-nosotros-150x114.jpg 150w\" sizes=\"(max-width: 900px) 100vw, 900px\" \/><\/figure><div class=\"elementor-image-box-content\"><h3 class=\"elementor-image-box-title\">VISION<\/h3><p class=\"elementor-image-box-description\">To be recognized as a leading Argentine company that develops and produces seats with its own innovative designs, with the best quality in the market. \n\n<\/p><\/div><\/div>\t\t\t\t<\/div>\n\t\t\t\t<\/div>\n\t\t\t\t\t<\/div>\n\t\t<\/div>\n\t\t\t\t<div class=\"elementor-column elementor-col-33 elementor-top-column elementor-element elementor-element-d038783\" data-id=\"d038783\" data-element_type=\"column\" data-e-type=\"column\">\n\t\t\t<div class=\"elementor-widget-wrap elementor-element-populated\">\n\t\t\t\t\t\t<div class=\"elementor-element elementor-element-557f502 elementor-position-top elementor-widget elementor-widget-image-box\" data-id=\"557f502\" data-element_type=\"widget\" data-e-type=\"widget\" data-widget_type=\"image-box.default\">\n\t\t\t\t<div class=\"elementor-widget-container\">\n\t\t\t\t\t<div class=\"elementor-image-box-wrapper\"><figure class=\"elementor-image-box-img\"><img decoding=\"async\" width=\"900\" height=\"681\" src=\"https:\/\/delplatabutacas.com\/en\/wp-content\/uploads\/2023\/02\/compromiso-nosotros.jpg\" class=\"attachment-full size-full wp-image-9043\" alt=\"\" srcset=\"https:\/\/delplatabutacas.com\/en\/wp-content\/uploads\/2023\/02\/compromiso-nosotros.jpg 900w, https:\/\/delplatabutacas.com\/en\/wp-content\/uploads\/2023\/02\/compromiso-nosotros-396x300.jpg 396w, https:\/\/delplatabutacas.com\/en\/wp-content\/uploads\/2023\/02\/compromiso-nosotros-768x581.jpg 768w, https:\/\/delplatabutacas.com\/en\/wp-content\/uploads\/2023\/02\/compromiso-nosotros-860x651.jpg 860w, https:\/\/delplatabutacas.com\/en\/wp-content\/uploads\/2023\/02\/compromiso-nosotros-430x325.jpg 430w, https:\/\/delplatabutacas.com\/en\/wp-content\/uploads\/2023\/02\/compromiso-nosotros-700x530.jpg 700w, https:\/\/delplatabutacas.com\/en\/wp-content\/uploads\/2023\/02\/compromiso-nosotros-150x114.jpg 150w\" sizes=\"(max-width: 900px) 100vw, 900px\" \/><\/figure><div class=\"elementor-image-box-content\"><h3 class=\"elementor-image-box-title\">COMMITMENT<\/h3><p class=\"elementor-image-box-description\">We are oriented to achieve high standards of satisfaction of our customers and users, complying with all the standards and legislation in force that regulate our activity and committing ourselves to continuously improve the efficiency of the Quality Management System at all levels of our organization.<\/p><\/div><\/div>\t\t\t\t<\/div>\n\t\t\t\t<\/div>\n\t\t\t\t\t<\/div>\n\t\t<\/div>\n\t\t\t\t\t<\/div>\n\t\t<\/section>\n\t\t\t\t<section class=\"wd-negative-gap elementor-section elementor-top-section elementor-element elementor-element-29827070 elementor-hidden-desktop elementor-hidden-tablet elementor-hidden-mobile elementor-section-boxed elementor-section-height-default elementor-section-height-default wd-section-disabled\" data-id=\"29827070\" data-element_type=\"section\" data-e-type=\"section\" data-settings=\"{&quot;background_background&quot;:&quot;classic&quot;}\">\n\t\t\t\t\t\t<div class=\"elementor-container elementor-column-gap-default\">\n\t\t\t\t\t<div class=\"elementor-column elementor-col-50 elementor-top-column elementor-element elementor-element-5aa7b30 elementor-hidden-tablet elementor-hidden-mobile\" data-id=\"5aa7b30\" data-element_type=\"column\" data-e-type=\"column\">\n\t\t\t<div class=\"elementor-widget-wrap elementor-element-populated\">\n\t\t\t\t\t\t<div class=\"elementor-element elementor-element-0553678 elementor-widget elementor-widget-image\" data-id=\"0553678\" data-element_type=\"widget\" data-e-type=\"widget\" data-widget_type=\"image.default\">\n\t\t\t\t<div class=\"elementor-widget-container\">\n\t\t\t\t\t\t\t\t\t\t\t\t\t\t\t<img loading=\"lazy\" decoding=\"async\" width=\"313\" height=\"150\" src=\"https:\/\/delplatabutacas.com\/en\/wp-content\/uploads\/2023\/02\/LOGO-Bureau_Veritas_Certificados.png\" class=\"attachment-large size-large wp-image-9057\" alt=\"\" srcset=\"https:\/\/delplatabutacas.com\/en\/wp-content\/uploads\/2023\/02\/LOGO-Bureau_Veritas_Certificados.png 313w, https:\/\/delplatabutacas.com\/en\/wp-content\/uploads\/2023\/02\/LOGO-Bureau_Veritas_Certificados-150x72.png 150w\" sizes=\"(max-width: 313px) 100vw, 313px\" \/>\t\t\t\t\t\t\t\t\t\t\t\t\t\t\t<\/div>\n\t\t\t\t<\/div>\n\t\t\t\t\t<\/div>\n\t\t<\/div>\n\t\t\t\t<div class=\"elementor-column elementor-col-50 elementor-top-column elementor-element elementor-element-27be54fb\" data-id=\"27be54fb\" data-element_type=\"column\" data-e-type=\"column\">\n\t\t\t<div class=\"elementor-widget-wrap elementor-element-populated\">\n\t\t\t\t\t\t<div class=\"elementor-element elementor-element-23fec504 elementor-widget elementor-widget-wd_title\" data-id=\"23fec504\" data-element_type=\"widget\" data-e-type=\"widget\" data-widget_type=\"wd_title.default\">\n\t\t\t\t<div class=\"elementor-widget-container\">\n\t\t\t\t\t\t\t<div class=\"title-wrapper set-mb-s reset-last-child wd-title-color-white wd-title-style-default wd-title-size-large text-left\">\n\n\t\t\t\t\t\t\t<div class=\"title-subtitle subtitle-color-white subtitle-style-default wd-fontsize-xs\">\n\t\t\t\t\tCERTIFICACI\u00d3N\t\t\t\t<\/div>\n\t\t\t\n\t\t\t<div class=\"liner-continer\">\n\t\t\t\t<h4 class=\"woodmart-title-container title wd-fontsize-xxl\"> Sistema de Gesti\u00f3n de Calidad<\/h4> \n\t\t\t\t\t\t\t<\/div>\n\n\t\t\t\t\t<\/div>\n\t\t\t\t\t\t<\/div>\n\t\t\t\t<\/div>\n\t\t\t\t<div class=\"elementor-element elementor-element-3ebf7e84 elementor-widget elementor-widget-wd_text_block\" data-id=\"3ebf7e84\" data-element_type=\"widget\" data-e-type=\"widget\" data-widget_type=\"wd_text_block.default\">\n\t\t\t\t<div class=\"elementor-widget-container\">\n\t\t\t\t\t\t\t<div class=\"wd-text-block reset-last-child text-left color-scheme-light\">\n\t\t\t\n\t\t\t<p>Nos garantiza el cumplimento de los estandares reconocidos internacionalmente. Nos concentramos en la satisfacci\u00f3n del cliente y la mejora continua del desempe\u00f1o de nuestra organizaci\u00f3n a trav\u00e9s de un Sistema de Gesti\u00f3n de Calidad para reducir los riesgos e inspirar confianza con las partes.<\/p>\n\t\t\t\t\t<\/div>\n\t\t\t\t\t\t<\/div>\n\t\t\t\t<\/div>\n\t\t\t\t<div class=\"elementor-element elementor-element-e3ebcaa elementor-widget elementor-widget-wd_button\" data-id=\"e3ebcaa\" data-element_type=\"widget\" data-e-type=\"widget\" data-widget_type=\"wd_button.default\">\n\t\t\t\t<div class=\"elementor-widget-container\">\n\t\t\t\t\t\t\t<div class=\"wd-button-wrapper text-left\" >\n\t\t\t<a class=\"btn btn-style-default btn-style-rectangle btn-size-large btn-color-white btn-icon-pos-right\" >\n\t\t\t\t<span class=\"wd-btn-text\" data-elementor-setting-key=\"text\">\n\t\t\t\t\tVER CERTIFICADO\t\t\t\t<\/span>\n\n\t\t\t\t\t\t\t<\/a>\n\t\t<\/div>\n\t\t\t\t\t\t<\/div>\n\t\t\t\t<\/div>\n\t\t\t\t\t<\/div>\n\t\t<\/div>\n\t\t\t\t\t<\/div>\n\t\t<\/section>\n\t\t\t\t<\/div>\n\t\t","protected":false},"excerpt":{"rendered":"<p>About us Del Plata Butacas Since the 80&#8217;s we have been producing in Argentina the most comfortable, safe and efficient<\/p>\n","protected":false},"author":4,"featured_media":0,"parent":0,"menu_order":0,"comment_status":"closed","ping_status":"closed","template":"","meta":{"_joinchat":[],"footnotes":""},"class_list":["post-8576","page","type-page","status-publish","hentry"],"_links":{"self":[{"href":"https:\/\/delplatabutacas.com\/en\/wp-json\/wp\/v2\/pages\/8576","targetHints":{"allow":["GET"]}}],"collection":[{"href":"https:\/\/delplatabutacas.com\/en\/wp-json\/wp\/v2\/pages"}],"about":[{"href":"https:\/\/delplatabutacas.com\/en\/wp-json\/wp\/v2\/types\/page"}],"author":[{"embeddable":true,"href":"https:\/\/delplatabutacas.com\/en\/wp-json\/wp\/v2\/users\/4"}],"replies":[{"embeddable":true,"href":"https:\/\/delplatabutacas.com\/en\/wp-json\/wp\/v2\/comments?post=8576"}],"version-history":[{"count":88,"href":"https:\/\/delplatabutacas.com\/en\/wp-json\/wp\/v2\/pages\/8576\/revisions"}],"predecessor-version":[{"id":11817,"href":"https:\/\/delplatabutacas.com\/en\/wp-json\/wp\/v2\/pages\/8576\/revisions\/11817"}],"wp:attachment":[{"href":"https:\/\/delplatabutacas.com\/en\/wp-json\/wp\/v2\/media?parent=8576"}],"curies":[{"name":"wp","href":"https:\/\/api.w.org\/{rel}","templated":true}]}}